{"id":11,"date":"2019-10-09T10:31:14","date_gmt":"2019-10-09T10:31:14","guid":{"rendered":"https:\/\/dr-starke.de\/?page_id=11"},"modified":"2020-11-12T14:49:48","modified_gmt":"2020-11-12T14:49:48","slug":"grundstuecksentwicklung","status":"publish","type":"page","link":"https:\/\/liegenschaften.dr-starke.de\/?page_id=11","title":{"rendered":"Grundst\u00fccksentwicklung"},"content":{"rendered":"\n<p><a href=\"https:\/\/web.archive.org\/web\/20160401065747\/http:\/\/dr-starke.de\/images\/stories\/content\/slide_005.jpg\"><\/a>Im Rahmen unserer T\u00e4tigkeit organisieren wir die Entwicklung von Liegenschaften. F\u00fcr geeignete Fl\u00e4chen und unter wirtschaftlich tragf\u00e4higen Rahmenbedingungen werden eigene Grundst\u00fccksentwicklungen durchgef\u00fchrt.<\/p>\n\n\n\n<div class=\"wp-block-image\"><figure class=\"alignright size-large\"><img loading=\"lazy\" decoding=\"async\" width=\"1000\" height=\"628\" src=\"https:\/\/liegenschaften.dr-starke.de\/wp-content\/uploads\/2020\/11\/Grundstu\u0308cksentwicklung.jpg\" alt=\"\" class=\"wp-image-137\" srcset=\"https:\/\/liegenschaften.dr-starke.de\/wp-content\/uploads\/2020\/11\/Grundstu\u0308cksentwicklung.jpg 1000w, https:\/\/liegenschaften.dr-starke.de\/wp-content\/uploads\/2020\/11\/Grundstu\u0308cksentwicklung-300x188.jpg 300w, https:\/\/liegenschaften.dr-starke.de\/wp-content\/uploads\/2020\/11\/Grundstu\u0308cksentwicklung-768x482.jpg 768w\" sizes=\"auto, (max-width: 767px) 89vw, (max-width: 1000px) 54vw, (max-width: 1071px) 543px, 580px\" \/><figcaption><a href=\"https:\/\/liegenschaften.dr-starke.de\/?page_id=11\" data-type=\"page\" data-id=\"11\">Grundst\u00fccksentwicklung<\/a><\/figcaption><\/figure><\/div>\n\n\n\n<p>Dabei geht es um:<\/p>\n\n\n\n<ul class=\"wp-block-list\"><li>die Immobilienwirtschaftliche Bewertung von Liegenschaften <\/li><li>Ankauf von Grundst\u00fccks-\/Brachfl\u00e4chen<\/li><li>die Kl\u00e4rung bzw. Schaffung bauplanungsrechtlicher Voraussetzungen<\/li><li>die Entwicklung von Folgenutzungs- und Vermarktungskonzepten f\u00fcr Liegenschaften<\/li><li>die Optimierung bestehender Standorte durch Ansiedlung zus\u00e4tzlicher Frequenzbringer<\/li><li>Sanierung von bestehenden Geb\u00e4uden inklusive Umnutzung<\/li><li>die Vermarktung der entwickelten Grundst\u00fccke an Dritte von der Kundenakquise bis zum Vertragsabschluss (gegebenenfalls auch in Verbindung mit einem eigenen Bebauungskonzept)<\/li><\/ul>\n\n\n\n<p>Die eigene Grundst\u00fccksentwicklung konzentriert sich auf:<\/p>\n\n\n\n<ul class=\"wp-block-list\"><li>die Projektentwicklung von Wohnanlagen<\/li><li>die Projektentwicklung von Gewerbe<\/li><\/ul>\n","protected":false},"excerpt":{"rendered":"<p>Im Rahmen unserer T\u00e4tigkeit organisieren wir die Entwicklung von Liegenschaften. F\u00fcr geeignete Fl\u00e4chen und unter wirtschaftlich tragf\u00e4higen Rahmenbedingungen werden eigene Grundst\u00fccksentwicklungen durchgef\u00fchrt. Dabei geht es um: die Immobilienwirtschaftliche Bewertung von Liegenschaften Ankauf von Grundst\u00fccks-\/Brachfl\u00e4chen die Kl\u00e4rung bzw. Schaffung bauplanungsrechtlicher Voraussetzungen die Entwicklung von Folgenutzungs- und Vermarktungskonzepten f\u00fcr Liegenschaften die Optimierung bestehender Standorte durch Ansiedlung zus\u00e4tzlicher &hellip; <\/p>\n<p class=\"link-more\"><a href=\"https:\/\/liegenschaften.dr-starke.de\/?page_id=11\" class=\"more-link\"><span class=\"screen-reader-text\">\u201eGrundst\u00fccksentwicklung\u201c<\/span> weiterlesen<\/a><\/p>\n","protected":false},"author":1,"featured_media":0,"parent":0,"menu_order":0,"comment_status":"closed","ping_status":"closed","template":"","meta":{"footnotes":""},"class_list":["post-11","page","type-page","status-publish","hentry"],"_links":{"self":[{"href":"https:\/\/liegenschaften.dr-starke.de\/index.php?rest_route=\/wp\/v2\/pages\/11","targetHints":{"allow":["GET"]}}],"collection":[{"href":"https:\/\/liegenschaften.dr-starke.de\/index.php?rest_route=\/wp\/v2\/pages"}],"about":[{"href":"https:\/\/liegenschaften.dr-starke.de\/index.php?rest_route=\/wp\/v2\/types\/page"}],"author":[{"embeddable":true,"href":"https:\/\/liegenschaften.dr-starke.de\/index.php?rest_route=\/wp\/v2\/users\/1"}],"replies":[{"embeddable":true,"href":"https:\/\/liegenschaften.dr-starke.de\/index.php?rest_route=%2Fwp%2Fv2%2Fcomments&post=11"}],"version-history":[{"count":5,"href":"https:\/\/liegenschaften.dr-starke.de\/index.php?rest_route=\/wp\/v2\/pages\/11\/revisions"}],"predecessor-version":[{"id":144,"href":"https:\/\/liegenschaften.dr-starke.de\/index.php?rest_route=\/wp\/v2\/pages\/11\/revisions\/144"}],"wp:attachment":[{"href":"https:\/\/liegenschaften.dr-starke.de\/index.php?rest_route=%2Fwp%2Fv2%2Fmedia&parent=11"}],"curies":[{"name":"wp","href":"https:\/\/api.w.org\/{rel}","templated":true}]}}