{"id":17,"date":"2019-10-09T10:33:06","date_gmt":"2019-10-09T10:33:06","guid":{"rendered":"https:\/\/dr-starke.de\/?page_id=17"},"modified":"2020-11-16T12:16:38","modified_gmt":"2020-11-16T12:16:38","slug":"immobilienbewertung","status":"publish","type":"page","link":"https:\/\/liegenschaften.dr-starke.de\/?page_id=17","title":{"rendered":"Immobilienbewertung"},"content":{"rendered":"\n<div class=\"wp-block-image\"><figure class=\"alignright size-large\"><img loading=\"lazy\" decoding=\"async\" width=\"1024\" height=\"603\" src=\"https:\/\/liegenschaften.dr-starke.de\/wp-content\/uploads\/2020\/11\/Immobilienbewertung-1024x603.jpg\" alt=\"\" class=\"wp-image-133\" srcset=\"https:\/\/liegenschaften.dr-starke.de\/wp-content\/uploads\/2020\/11\/Immobilienbewertung-1024x603.jpg 1024w, https:\/\/liegenschaften.dr-starke.de\/wp-content\/uploads\/2020\/11\/Immobilienbewertung-300x177.jpg 300w, https:\/\/liegenschaften.dr-starke.de\/wp-content\/uploads\/2020\/11\/Immobilienbewertung-768x452.jpg 768w, https:\/\/liegenschaften.dr-starke.de\/wp-content\/uploads\/2020\/11\/Immobilienbewertung-1536x905.jpg 1536w, https:\/\/liegenschaften.dr-starke.de\/wp-content\/uploads\/2020\/11\/Immobilienbewertung.jpg 1920w\" sizes=\"auto, (max-width: 767px) 89vw, (max-width: 1000px) 54vw, (max-width: 1071px) 543px, 580px\" \/><figcaption>Immobilienbewertung<\/figcaption><\/figure><\/div>\n\n\n\n<p>Sie ben\u00f6tigen ein marktorientiertes unabh\u00e4ngiges Gutachten \u00fcber den Wert Ihrer Immobilie oder Ihres Immobilienbestandes? Wir erstellen Gutachten sowohl nach den Vorschriften der Wertermittlungsverordnung WertV als auch nach den \u201ePractice Statements\u201c des \u201eRed Book\u201c, der Royal Institution of Chartered Surveyors RICS. <br>Unser st\u00e4ndiger Kontakt mit dem Anbieter- und K\u00e4ufermarkt sowie unser bundesweite Vertriebsnetz gibt Ihnen die Sicherheit, dass wir immer aktuell und zuverl\u00e4ssig den Wert Ihrer Immobilie feststellen.<\/p>\n\n\n\n<p><strong>Unsere Auftraggeber sind namhafte Banken, Versicherungen und institutionelle Investoren.<\/strong><\/p>\n","protected":false},"excerpt":{"rendered":"<p>Sie ben\u00f6tigen ein marktorientiertes unabh\u00e4ngiges Gutachten \u00fcber den Wert Ihrer Immobilie oder Ihres Immobilienbestandes? Wir erstellen Gutachten sowohl nach den Vorschriften der Wertermittlungsverordnung WertV als auch nach den \u201ePractice Statements\u201c des \u201eRed Book\u201c, der Royal Institution of Chartered Surveyors RICS. Unser st\u00e4ndiger Kontakt mit dem Anbieter- und K\u00e4ufermarkt sowie unser bundesweite Vertriebsnetz gibt Ihnen die &hellip; <\/p>\n<p class=\"link-more\"><a href=\"https:\/\/liegenschaften.dr-starke.de\/?page_id=17\" class=\"more-link\"><span class=\"screen-reader-text\">\u201eImmobilienbewertung\u201c<\/span> weiterlesen<\/a><\/p>\n","protected":false},"author":1,"featured_media":0,"parent":0,"menu_order":0,"comment_status":"closed","ping_status":"closed","template":"","meta":{"footnotes":""},"class_list":["post-17","page","type-page","status-publish","hentry"],"_links":{"self":[{"href":"https:\/\/liegenschaften.dr-starke.de\/index.php?rest_route=\/wp\/v2\/pages\/17","targetHints":{"allow":["GET"]}}],"collection":[{"href":"https:\/\/liegenschaften.dr-starke.de\/index.php?rest_route=\/wp\/v2\/pages"}],"about":[{"href":"https:\/\/liegenschaften.dr-starke.de\/index.php?rest_route=\/wp\/v2\/types\/page"}],"author":[{"embeddable":true,"href":"https:\/\/liegenschaften.dr-starke.de\/index.php?rest_route=\/wp\/v2\/users\/1"}],"replies":[{"embeddable":true,"href":"https:\/\/liegenschaften.dr-starke.de\/index.php?rest_route=%2Fwp%2Fv2%2Fcomments&post=17"}],"version-history":[{"count":4,"href":"https:\/\/liegenschaften.dr-starke.de\/index.php?rest_route=\/wp\/v2\/pages\/17\/revisions"}],"predecessor-version":[{"id":156,"href":"https:\/\/liegenschaften.dr-starke.de\/index.php?rest_route=\/wp\/v2\/pages\/17\/revisions\/156"}],"wp:attachment":[{"href":"https:\/\/liegenschaften.dr-starke.de\/index.php?rest_route=%2Fwp%2Fv2%2Fmedia&parent=17"}],"curies":[{"name":"wp","href":"https:\/\/api.w.org\/{rel}","templated":true}]}}