{"id":65,"date":"2019-10-09T11:12:45","date_gmt":"2019-10-09T11:12:45","guid":{"rendered":"https:\/\/dr-starke.de\/?page_id=65"},"modified":"2019-10-09T11:12:45","modified_gmt":"2019-10-09T11:12:45","slug":"kontakt","status":"publish","type":"page","link":"https:\/\/liegenschaften.dr-starke.de\/?page_id=65","title":{"rendered":"Kontakt"},"content":{"rendered":"\n<h2 class=\"wp-block-heading\"><strong>ADRESSE<\/strong><\/h2>\n\n\n\n<p>Uhlandstra\u00dfe 18<br>D-40237 D\u00fcsseldorf<\/p>\n\n\n\n<p>E-Mail: info@dr-starke.de<\/p>\n\n\n\n<p><strong>\u00d6ffnungszeiten<\/strong><\/p>\n\n\n\n<p>Termine nach vorheriger Absprache<\/p>\n","protected":false},"excerpt":{"rendered":"<p>ADRESSE Uhlandstra\u00dfe 18D-40237 D\u00fcsseldorf E-Mail: info@dr-starke.de \u00d6ffnungszeiten Termine nach vorheriger Absprache<\/p>\n","protected":false},"author":1,"featured_media":0,"parent":0,"menu_order":0,"comment_status":"closed","ping_status":"closed","template":"","meta":{"footnotes":""},"class_list":["post-65","page","type-page","status-publish","hentry"],"_links":{"self":[{"href":"https:\/\/liegenschaften.dr-starke.de\/index.php?rest_route=\/wp\/v2\/pages\/65","targetHints":{"allow":["GET"]}}],"collection":[{"href":"https:\/\/liegenschaften.dr-starke.de\/index.php?rest_route=\/wp\/v2\/pages"}],"about":[{"href":"https:\/\/liegenschaften.dr-starke.de\/index.php?rest_route=\/wp\/v2\/types\/page"}],"author":[{"embeddable":true,"href":"https:\/\/liegenschaften.dr-starke.de\/index.php?rest_route=\/wp\/v2\/users\/1"}],"replies":[{"embeddable":true,"href":"https:\/\/liegenschaften.dr-starke.de\/index.php?rest_route=%2Fwp%2Fv2%2Fcomments&post=65"}],"version-history":[{"count":1,"href":"https:\/\/liegenschaften.dr-starke.de\/index.php?rest_route=\/wp\/v2\/pages\/65\/revisions"}],"predecessor-version":[{"id":66,"href":"https:\/\/liegenschaften.dr-starke.de\/index.php?rest_route=\/wp\/v2\/pages\/65\/revisions\/66"}],"wp:attachment":[{"href":"https:\/\/liegenschaften.dr-starke.de\/index.php?rest_route=%2Fwp%2Fv2%2Fmedia&parent=65"}],"curies":[{"name":"wp","href":"https:\/\/api.w.org\/{rel}","templated":true}]}}