{"id":7,"date":"2019-10-09T10:28:59","date_gmt":"2019-10-09T10:28:59","guid":{"rendered":"https:\/\/dr-starke.de\/?page_id=7"},"modified":"2020-11-12T14:43:33","modified_gmt":"2020-11-12T14:43:33","slug":"unternehmensprofil","status":"publish","type":"page","link":"https:\/\/liegenschaften.dr-starke.de\/?page_id=7","title":{"rendered":"Unternehmensprofil"},"content":{"rendered":"\n<p>Wir sind eine im Rheinland ans\u00e4ssige Immobilienverwertungsgesellschaft. Zu unseren T\u00e4tigkeitsfeldern geh\u00f6ren die:<\/p>\n\n\n\n<p><\/p>\n\n\n\n<ul class=\"wp-block-list\"><li><strong>Immobilienverwertung<\/strong><br>Vermittlung von Mehrfamilienh\u00e4usern, Wohnungspaketen und Gewerbeobjekten<br><\/li><li><strong>Grundst\u00fccksentwicklung<\/strong><br>Realisierung von Projektentwicklungen f\u00fcr Wohnanlagen und Gewerbe.<br>Ankauf von Grundst\u00fccken mit guter Lage (Innenstadt), guter Verkehrsanbindung, <br>mit oder ohne Baugenehmigung.<\/li><\/ul>\n\n\n\n<ul class=\"wp-block-list\"><li><strong>Immobilienverwertung<\/strong><br>Vermittlung von Mehrfamilienh\u00e4usern, Wohnungspaketen und Gewerbeobjekten<br><br><\/li><li><strong>Immobilienbewertung<\/strong><br>Erstellung von Gutachten f\u00fcr Immobilien jedweder Kategorie mit realisierbaren Verkehrswerten<br><br><\/li><li><strong>Portfoliomanagenment<\/strong><br>\u00dcberpr\u00fcfung von Immobilienbest\u00e4nden nach Produktivit\u00e4t, Rentabilit\u00e4t und Produktzusammensetzung mit Vorschlagswesen und\u00a0 Umsetzungsma\u00dfnahmen zur optimalen Ausrichtung des Bestandes<br><br><\/li><li><strong>Verm\u00f6gensverwaltung<\/strong><br>Komplette Verwaltung von Immobilienbest\u00e4nden aus einer Hand<br><\/li><\/ul>\n","protected":false},"excerpt":{"rendered":"<p>Wir sind eine im Rheinland ans\u00e4ssige Immobilienverwertungsgesellschaft. Zu unseren T\u00e4tigkeitsfeldern geh\u00f6ren die: ImmobilienverwertungVermittlung von Mehrfamilienh\u00e4usern, Wohnungspaketen und Gewerbeobjekten Grundst\u00fccksentwicklungRealisierung von Projektentwicklungen f\u00fcr Wohnanlagen und Gewerbe.Ankauf von Grundst\u00fccken mit guter Lage (Innenstadt), guter Verkehrsanbindung, mit oder ohne Baugenehmigung. ImmobilienverwertungVermittlung von Mehrfamilienh\u00e4usern, Wohnungspaketen und Gewerbeobjekten ImmobilienbewertungErstellung von Gutachten f\u00fcr Immobilien jedweder Kategorie mit realisierbaren Verkehrswerten Portfoliomanagenment\u00dcberpr\u00fcfung von &hellip; <\/p>\n<p class=\"link-more\"><a href=\"https:\/\/liegenschaften.dr-starke.de\/?page_id=7\" class=\"more-link\"><span class=\"screen-reader-text\">\u201eUnternehmensprofil\u201c<\/span> weiterlesen<\/a><\/p>\n","protected":false},"author":1,"featured_media":0,"parent":0,"menu_order":0,"comment_status":"closed","ping_status":"closed","template":"","meta":{"footnotes":""},"class_list":["post-7","page","type-page","status-publish","hentry"],"_links":{"self":[{"href":"https:\/\/liegenschaften.dr-starke.de\/index.php?rest_route=\/wp\/v2\/pages\/7","targetHints":{"allow":["GET"]}}],"collection":[{"href":"https:\/\/liegenschaften.dr-starke.de\/index.php?rest_route=\/wp\/v2\/pages"}],"about":[{"href":"https:\/\/liegenschaften.dr-starke.de\/index.php?rest_route=\/wp\/v2\/types\/page"}],"author":[{"embeddable":true,"href":"https:\/\/liegenschaften.dr-starke.de\/index.php?rest_route=\/wp\/v2\/users\/1"}],"replies":[{"embeddable":true,"href":"https:\/\/liegenschaften.dr-starke.de\/index.php?rest_route=%2Fwp%2Fv2%2Fcomments&post=7"}],"version-history":[{"count":3,"href":"https:\/\/liegenschaften.dr-starke.de\/index.php?rest_route=\/wp\/v2\/pages\/7\/revisions"}],"predecessor-version":[{"id":141,"href":"https:\/\/liegenschaften.dr-starke.de\/index.php?rest_route=\/wp\/v2\/pages\/7\/revisions\/141"}],"wp:attachment":[{"href":"https:\/\/liegenschaften.dr-starke.de\/index.php?rest_route=%2Fwp%2Fv2%2Fmedia&parent=7"}],"curies":[{"name":"wp","href":"https:\/\/api.w.org\/{rel}","templated":true}]}}